{"id":13,"date":"2022-01-06T09:44:52","date_gmt":"2022-01-06T08:44:52","guid":{"rendered":"https:\/\/clairet-de-quinsac.com\/?page_id=13"},"modified":"2022-02-11T14:05:53","modified_gmt":"2022-02-11T13:05:53","slug":"13-2","status":"publish","type":"page","link":"https:\/\/clairet-de-quinsac.com\/","title":{"rendered":"Home"},"content":{"rendered":"<p><div class=\"fusion-fullwidth fullwidth-box fusion-builder-row-1 fusion-flex-container fusion-parallax-none hundred-percent-fullwidth non-hundred-percent-height-scrolling\" style=\"background-color: rgba(255,255,255,0);background-image: url(&quot;https:\/\/clairet-de-quinsac.com\/wp-content\/uploads\/2022\/01\/sddefault-1.jpg&quot;);background-image:linear-gradient(180deg, rgba(0,0,0,0.64) 0%,rgba(0,0,0,0.64) 100%),url(https:\/\/clairet-de-quinsac.com\/wp-content\/uploads\/2022\/01\/sddefault-1.jpg);background-position: center center;background-repeat: no-repeat;border-width: 0px 0px 0px 0px;border-color:var(--awb-color3);border-style:solid;-webkit-background-size:cover;-moz-background-size:cover;-o-background-size:cover;background-size:cover;\" ><div class=\"fusion-builder-row fusion-row fusion-flex-align-items-center fusion-flex-justify-content-center\" style=\"width:104% !important;max-width:104% !important;margin-left: calc(-4% \/ 2 );margin-right: calc(-4% \/ 2 );\"><div class=\"fusion-layout-column fusion_builder_column fusion-builder-column-0 fusion-flex-column fusion-column-inner-bg-wrapper\"><div class=\"fusion-column-wrapper fusion-flex-justify-content-flex-start fusion-content-layout-column\" style=\"padding: 0px 0px 0px 0px;\"><a class=\"fb-icon-element-1 fb-icon-element fontawesome-icon fa-music fas circle-yes fusion-animated fusion-link icon-hover-animation-pulsate\" style=\"font-size:35px;line-height:87px;height:91px;width:91px;border-width:2px;border-radius:50% 50% 50% 50%;margin-top:0px;margin-right:0px;margin-bottom:30px;margin-left:0px;\" data-animationType=\"rubberBand\" data-animationDuration=\"0.8\" data-animationOffset=\"top-into-view\" href=\"https:\/\/youtu.be\/rxlwCTOuTSs?t=40\" aria-label=\"Link to https:\/\/youtu.be\/rxlwCTOuTSs?t=40\" target=\"_self\"><\/a><style>a.fb-icon-element.fontawesome-icon.fb-icon-element-1{ color: #f9045a; background-color: #ffffff; border-color: #f9045a;}a.fb-icon-element.fontawesome-icon.fb-icon-element-1:hover { color: #ffffff; background-color: rgba(216,216,216,0.88); border-color: #f9045a;}a.fontawesome-icon.fb-icon-element-1.icon-hover-animation-pulsate:after {-webkit-box-shadow:0 0 0 2px rgba(255,255,255,0.1), 0 0 10px 10px rgba(216,216,216,0.88), 0 0 0 10px rgba(255,255,255,0.5);-moz-box-shadow:0 0 0 2px rgba(255,255,255,0.1), 0 0 10px 10px rgba(216,216,216,0.88), 0 0 0 10px rgba(255,255,255,0.5);box-shadow: 0 0 0 2px rgba(255,255,255,0.1), 0 0 10px 10px rgba(216,216,216,0.88), 0 0 0 10px rgba(255,255,255,0.5);}a.fb-icon-element.fontawesome-icon.fb-icon-element-1{ align-self:center;}<\/style><style type=\"text\/css\">@media only screen and (max-width:1024px) {.fusion-title.fusion-title-1{margin-top:10px!important; margin-right:0px!important;margin-bottom:5px!important;margin-left:0px!important;}}@media only screen and (max-width:640px) {.fusion-title.fusion-title-1{margin-top:10px!important; margin-right:0px!important;margin-bottom:10px!important; margin-left:0px!important;}}<\/style><div class=\"fusion-title title fusion-title-1 fusion-sep-none fusion-title-center fusion-title-text fusion-title-size-two\" style=\"font-size:25px;margin-top:10px;margin-right:0px;margin-bottom:5px;margin-left:0px;\"><div class=\"title-heading-center title-heading-tag fusion-responsive-typography-calculated\" style=\"margin:0;font-size:1em;color:#ffffff;--fontSize:25;--minFontSize:25px;line-height:0.8;\">\t\t\t\t\t\tLa chanson du Clairet <\/div><\/div><style type=\"text\/css\">@media only screen and (max-width:1024px) {.fusion-title.fusion-title-2{margin-top:25px!important; margin-right:0px!important;margin-bottom:15px!important;margin-left:0px!important;}}@media only screen and (max-width:640px) {.fusion-title.fusion-title-2{margin-top:10px!important; margin-right:0px!important;margin-bottom:10px!important; margin-left:0px!important;}}<\/style><div class=\"fusion-title title fusion-title-2 fusion-sep-none fusion-title-center fusion-title-text fusion-title-size-two\" style=\"font-size:30px;margin-top:25px;margin-right:0px;margin-bottom:15px;margin-left:0px;\"><h2 class=\"title-heading-center fusion-responsive-typography-calculated\" style=\"margin:0;font-size:1em;color:#ffffff;--fontSize:30;--minFontSize:30px;line-height:1.3;\"><em>\u00ab\u00a0Quand je bois du vin Clairet\u00a0\u00bb<\/em><\/h2><\/div><style type=\"text\/css\">@media only screen and (max-width:1024px) {.fusion-title.fusion-title-3{margin-top:10px!important; margin-right:0px!important;margin-bottom:5px!important;margin-left:0px!important;}}@media only screen and (max-width:640px) {.fusion-title.fusion-title-3{margin-top:10px!important; margin-right:0px!important;margin-bottom:10px!important; margin-left:0px!important;}}<\/style><div class=\"fusion-title title fusion-title-3 fusion-sep-none fusion-title-center fusion-title-text fusion-title-size-two\" style=\"font-size:20px;margin-top:10px;margin-right:0px;margin-bottom:5px;margin-left:0px;\"><div class=\"title-heading-center title-heading-tag fusion-responsive-typography-calculated\" style=\"margin:0;font-size:1em;color:#ffffff;--fontSize:20;--minFontSize:20px;line-height:0.8;\">Appuyez sur l&rsquo;ic\u00f4ne pour l&rsquo;\u00e9couter !<\/div><\/div><\/div><span class=\"fusion-column-inner-bg hover-type-none\"><a class=\"fusion-column-anchor\" href=\"https:\/\/youtu.be\/rxlwCTOuTSs\" data-rel=\"iLightbox\"><span class=\"fusion-column-inner-bg-image\" style=\"background-position:right top;background-repeat:repeat;\"><\/span><\/a><\/span><style type=\"text\/css\">.fusion-body .fusion-builder-column-0{width:80% !important;margin-top : 0px;margin-bottom : 1px;}.fusion-builder-column-0 > .fusion-column-wrapper {padding-top : 0px !important;padding-right : 0px !important;margin-right : 2.4%;padding-bottom : 0px !important;padding-left : 0px !important;margin-left : 2.4%;}.fusion-flex-container .fusion-row .fusion-builder-column-0 > .fusion-column-inner-bg { margin-right:2.4%;margin-left:2.4%; }@media only screen and (max-width:1024px) {.fusion-body .fusion-builder-column-0{width:80% !important;order : 0;}.fusion-builder-column-0 > .fusion-column-wrapper {margin-right : 2.4%;margin-left : 2.4%;}.fusion-flex-container .fusion-row .fusion-builder-column-0 > .fusion-column-inner-bg { margin-right:2.4%;margin-left:2.4%; }}@media only screen and (max-width:640px) {.fusion-body .fusion-builder-column-0{width:100% !important;order : 0;}.fusion-builder-column-0 > .fusion-column-wrapper {margin-right : 1.92%;margin-left : 1.92%;}.fusion-flex-container .fusion-row .fusion-builder-column-0 > .fusion-column-inner-bg { margin-right:1.92%;margin-left:1.92%; }}<\/style><\/div><\/div><style type=\"text\/css\">.fusion-body .fusion-flex-container.fusion-builder-row-1{ padding-top : 0px;margin-top : 0px;padding-right : 0px;padding-bottom : 0px;margin-bottom : 0px;padding-left : 0px;min-height:550px;}<\/style><\/div><div class=\"fusion-fullwidth fullwidth-box fusion-builder-row-2 fusion-flex-container nonhundred-percent-fullwidth non-hundred-percent-height-scrolling\" style=\"background-color: #ffffff;background-position: center top;background-repeat: no-repeat;border-width: 0px 0px 0px 0px;border-color:var(--awb-color3);border-style:solid;\" ><div class=\"fusion-builder-row fusion-row fusion-flex-align-items-flex-start\" style=\"max-width:1248px;margin-left: calc(-4% \/ 2 );margin-right: calc(-4% \/ 2 );\"><div class=\"fusion-layout-column fusion_builder_column fusion-builder-column-1 fusion_builder_column_1_2 1_2 fusion-flex-column\"><div class=\"fusion-column-wrapper fusion-flex-justify-content-flex-start fusion-content-layout-column\" style=\"background-position:left top;background-repeat:no-repeat;-webkit-background-size:cover;-moz-background-size:cover;-o-background-size:cover;background-size:cover;padding: 0px 80px 27px 0px;\"><div class=\"fusion-text fusion-text-1 md-text-align-center sm-text-align-center\" style=\"text-align:left;font-size:17px;letter-spacing:2px;color:#ffffff;\"><\/div><style type=\"text\/css\">@media only screen and (max-width:1024px) {.fusion-title.fusion-title-4{margin-top:10px!important; margin-right:0px!important;margin-bottom:5px!important;margin-left:0px!important;}}@media only screen and (max-width:640px) {.fusion-title.fusion-title-4{margin-top:10px!important; margin-right:0px!important;margin-bottom:10px!important; margin-left:0px!important;}}<\/style><div class=\"fusion-title title fusion-title-4 fusion-sep-none fusion-title-text fusion-title-size-two\" style=\"font-size:30px;margin-top:10px;margin-right:0px;margin-bottom:5px;margin-left:0px;\"><div class=\"title-heading-left title-heading-tag fusion-responsive-typography-calculated\" style=\"font-family:&quot;Akaya Telivigala&quot;;font-weight:400;margin:0;font-size:1em;color:#bf0754;--fontSize:30;--minFontSize:30px;line-height:0.8;\">\t\t\tCr\u00e9\u00e9 pendant la Guerre de 100 ans !<\/div><\/div><style type=\"text\/css\">@media only screen and (max-width:1024px) {.fusion-title.fusion-title-5{margin-top:10px!important; margin-right:0px!important;margin-bottom:15px!important;margin-left:0px!important;}}@media only screen and (max-width:640px) {.fusion-title.fusion-title-5{margin-top:10px!important; margin-right:0px!important;margin-bottom:10px!important; margin-left:0px!important;}}<\/style><div class=\"fusion-title title fusion-title-5 fusion-sep-none fusion-title-text fusion-title-size-two\" style=\"margin-top:10px;margin-right:0px;margin-bottom:15px;margin-left:0px;\"><h2 class=\"title-heading-left fusion-responsive-typography-calculated\" style=\"margin:0;color:#000000;--fontSize:48;line-height:var(--awb-typography1-line-height);\">Un Vin Charg\u00e9 d&rsquo;Histoire<\/h2><\/div><div class=\"fusion-separator\" style=\"align-self: flex-start;margin-right:auto;margin-top:15px;margin-bottom:35px;width:100%;max-width:80px;\"><div class=\"fusion-separator-border sep-single sep-solid\" style=\"border-color:#bf0754;border-top-width:2px;\"><\/div><\/div><div class=\"fusion-text fusion-text-2\" style=\"text-align:center;font-size:14px;color:#000000;\"><p class=\"p1\" style=\"text-align: justify; \">L\u2019histoire du clairet de Quinsac remonte \u00e0 la guerre de Cent Ans. Ce vin tr\u00e8s particulier, ni rouge ni ros\u00e9, existe depuis que l\u2019Aquitaine \u00e9tait province anglaise. Les Anglais ramenaient dans leur pays le jus de raisin en fermentation sur des bateaux pour traverser la Manche. Il ne leur restait plus qu\u2019\u00e0 d\u00e9guster ce vin jeune et fruit\u00e9 quand ils arrivaient \u00e0 bon port.<\/p>\n<p class=\"p1\" style=\"text-align: justify; \">Tomb\u00e9 dans les oubliettes \u00e0 la fin du 19 \u00e8me si\u00e8cle, il dut alors sa r\u00e9surrection \u00e0 Roger Amiel, le premier pr\u00e9sident de la Cave coop\u00e9rative de Quinsac. Dans les ann\u00e9es 50, gr\u00e2ce aux conseils \u00e9clair\u00e9s d\u2019\u00c9mile Peynaud, \u00e9minent \u0153nologue bordelais, Roger Amiel eut l\u2019id\u00e9e de remettre au go\u00fbt du jour ce vin historique en reprenant les bases de sa vinification.<\/p>\n<\/div><\/div><style type=\"text\/css\">.fusion-body .fusion-builder-column-1{width:50% !important;margin-top : 0px;margin-bottom : 0px;}.fusion-builder-column-1 > .fusion-column-wrapper {padding-top : 0px !important;padding-right : 80px !important;margin-right : 3.84%;padding-bottom : 27px !important;padding-left : 0px !important;margin-left : 3.84%;}@media only screen and (max-width:1024px) {.fusion-body .fusion-builder-column-1{width:100% !important;order : 0;}.fusion-builder-column-1 > .fusion-column-wrapper {padding-right : 0px !important;margin-right : 1.92%;margin-left : 1.92%;}}@media only screen and (max-width:640px) {.fusion-body .fusion-builder-column-1{width:100% !important;order : 0;}.fusion-builder-column-1 > .fusion-column-wrapper {margin-right : 1.92%;margin-left : 1.92%;}}<\/style><\/div><\/div><style type=\"text\/css\">.fusion-body .fusion-flex-container.fusion-builder-row-2{ padding-top : 46px;margin-top : 0px;padding-right : 0px;padding-bottom : 46px;margin-bottom : 0px;padding-left : 0px;}<\/style><\/div><div class=\"fusion-fullwidth fullwidth-box fusion-builder-row-3 fusion-flex-container nonhundred-percent-fullwidth non-hundred-percent-height-scrolling\" style=\"background-color: rgba(255,255,255,0);background-position: center center;background-repeat: no-repeat;border-width: 0px 0px 0px 0px;border-color:var(--awb-color3);border-style:solid;\" ><div class=\"fusion-builder-row fusion-row fusion-flex-align-items-center\" style=\"max-width:1248px;margin-left: calc(-4% \/ 2 );margin-right: calc(-4% \/ 2 );\"><div class=\"fusion-layout-column fusion_builder_column fusion-builder-column-2 fusion_builder_column_1_2 1_2 fusion-flex-column\"><div class=\"fusion-column-wrapper fusion-flex-justify-content-flex-start fusion-content-layout-column\" style=\"background-position:left top;background-repeat:no-repeat;-webkit-background-size:cover;-moz-background-size:cover;-o-background-size:cover;background-size:cover;padding: 0px 0px 0px 0px;\"><style type=\"text\/css\">@media only screen and (max-width:1024px) {.fusion-title.fusion-title-6{margin-top:10px!important; margin-right:0px!important;margin-bottom:5px!important;margin-left:0px!important;}}@media only screen and (max-width:640px) {.fusion-title.fusion-title-6{margin-top:10px!important; margin-right:0px!important;margin-bottom:10px!important; margin-left:0px!important;}}<\/style><div class=\"fusion-title title fusion-title-6 fusion-sep-none fusion-title-text fusion-title-size-two\" style=\"font-size:30px;margin-top:10px;margin-right:0px;margin-bottom:5px;margin-left:0px;\"><div class=\"title-heading-left title-heading-tag fusion-responsive-typography-calculated\" style=\"font-family:&quot;Akaya Telivigala&quot;;font-weight:400;margin:0;font-size:1em;color:#bf0754;--fontSize:30;--minFontSize:30px;line-height:0.8;\">Un vin l\u00e9ger et fruit\u00e9<\/div><\/div><style type=\"text\/css\">@media only screen and (max-width:1024px) {.fusion-title.fusion-title-7{margin-top:10px!important; margin-right:0px!important;margin-bottom:15px!important;margin-left:0px!important;}}@media only screen and (max-width:640px) {.fusion-title.fusion-title-7{margin-top:10px!important; margin-right:0px!important;margin-bottom:10px!important; margin-left:0px!important;}}<\/style><div class=\"fusion-title title fusion-title-7 fusion-sep-none fusion-title-text fusion-title-size-two\" style=\"margin-top:10px;margin-right:0px;margin-bottom:15px;margin-left:0px;\"><h2 class=\"title-heading-left fusion-responsive-typography-calculated\" style=\"margin:0;--fontSize:48;line-height:var(--awb-typography1-line-height);\">M\u00e9thode de Vinification<\/h2><\/div><div class=\"fusion-separator\" style=\"align-self: flex-start;margin-right:auto;margin-top:15px;margin-bottom:35px;width:100%;max-width:80px;\"><div class=\"fusion-separator-border sep-single sep-solid\" style=\"border-color:#bf0754;border-top-width:2px;\"><\/div><\/div><div class=\"fusion-text fusion-text-3\"><p class=\"p1\" style=\"text-align: justify; \">Le clairet est un vin \u00e0 mac\u00e9ration courte. \u00c0 base de raisin rouge (100 % merlot), la vendange mac\u00e8re dans la cuve vingt-quatre \u00e0 quarante-huit heures maximum. On pratique alors une \u00ab saign\u00e9e \u00bb, c\u2019est-\u00e0-dire qu\u2019on vide la cuve de son jus, sans le marc. Ce jus est alors r\u00e9cup\u00e9r\u00e9 dans une autre cuve, d\u00e9barrass\u00e9 de toutes les peaux et p\u00e9pins. Sa transformation commence alors. On va le laisser en cuve \u00e0 basse temp\u00e9rature durant dix \u00e0 quinze jours. Puis le clairet sera pr\u00eat \u00e0 la d\u00e9gustation.<\/p>\n<\/div><\/div><style type=\"text\/css\">.fusion-body .fusion-builder-column-2{width:50% !important;margin-top : 0px;margin-bottom : 0px;}.fusion-builder-column-2 > .fusion-column-wrapper {padding-top : 0px !important;padding-right : 0px !important;margin-right : 0%;padding-bottom : 0px !important;padding-left : 0px !important;margin-left : 2.88%;}@media only screen and (max-width:1024px) {.fusion-body .fusion-builder-column-2{width:50% !important;order : 0;margin-bottom : 20px;}.fusion-builder-column-2 > .fusion-column-wrapper {margin-right : 0%;margin-left : 2.88%;}}@media only screen and (max-width:640px) {.fusion-body .fusion-builder-column-2{width:100% !important;order : 0;}.fusion-builder-column-2 > .fusion-column-wrapper {margin-right : 1.92%;margin-left : 1.92%;}}<\/style><\/div><div class=\"fusion-layout-column fusion_builder_column fusion-builder-column-3 fusion_builder_column_1_4 1_4 fusion-flex-column\"><div class=\"fusion-column-wrapper fusion-flex-justify-content-flex-start fusion-content-layout-column\" style=\"background-position:left top;background-repeat:no-repeat;-webkit-background-size:cover;-moz-background-size:cover;-o-background-size:cover;background-size:cover;padding: 0px 0px 0px 0px;\"><div class=\" md-text-align-right\"><span class=\" fusion-imageframe imageframe-none imageframe-1 hover-type-none\" style=\"border-radius:10px;\"><img width=\"395\" height=\"578\" alt=\"Extreme Sports Bike\" title=\"blle Clairet de QUINSAC N\" src=\"https:\/\/clairet-de-quinsac.com\/wp-content\/uploads\/2022\/01\/blle-Clairet-de-QUINSAC-N.png\" class=\"img-responsive wp-image-129\" srcset=\"https:\/\/clairet-de-quinsac.com\/wp-content\/uploads\/2022\/01\/blle-Clairet-de-QUINSAC-N-200x293.png 200w, https:\/\/clairet-de-quinsac.com\/wp-content\/uploads\/2022\/01\/blle-Clairet-de-QUINSAC-N.png 395w\" sizes=\"(max-width: 640px) 100vw, 395px\" \/><\/span><\/div><\/div><style type=\"text\/css\">.fusion-body .fusion-builder-column-3{width:25% !important;margin-top : 0px;margin-bottom : 0px;}.fusion-builder-column-3 > .fusion-column-wrapper {padding-top : 0px !important;padding-right : 0px !important;margin-right : 0px;padding-bottom : 0px !important;padding-left : 0px !important;margin-left : 7.68%;}@media only screen and (max-width:1024px) {.fusion-body .fusion-builder-column-3{width:25% !important;order : 0;margin-top : 30px;}.fusion-builder-column-3 > .fusion-column-wrapper {margin-right : 0px;margin-left : 7.68%;}}@media only screen and (max-width:640px) {.fusion-body .fusion-builder-column-3{width:50% !important;order : 0;}.fusion-builder-column-3 > .fusion-column-wrapper {margin-right : 0px;margin-left : 3.84%;}}<\/style><\/div><div class=\"fusion-layout-column fusion_builder_column fusion-builder-column-4 fusion_builder_column_1_4 1_4 fusion-flex-column fusion-flex-align-self-center\"><div class=\"fusion-column-wrapper fusion-flex-justify-content-flex-start fusion-content-layout-column\" style=\"background-position:left top;background-repeat:no-repeat;-webkit-background-size:cover;-moz-background-size:cover;-o-background-size:cover;background-size:cover;padding: 0px 0px 0px 0px;\"><div ><span class=\" fusion-imageframe imageframe-none imageframe-2 hover-type-none\" style=\"border-radius:10px;\"><img width=\"443\" height=\"640\" alt=\"Extreme Sports Mountain Climbing\" title=\"grapes-g8f564e3a0_640\" src=\"https:\/\/clairet-de-quinsac.com\/wp-content\/uploads\/2022\/01\/grapes-g8f564e3a0_640.jpg\" class=\"img-responsive wp-image-217\" srcset=\"https:\/\/clairet-de-quinsac.com\/wp-content\/uploads\/2022\/01\/grapes-g8f564e3a0_640-200x289.jpg 200w, https:\/\/clairet-de-quinsac.com\/wp-content\/uploads\/2022\/01\/grapes-g8f564e3a0_640-400x578.jpg 400w, https:\/\/clairet-de-quinsac.com\/wp-content\/uploads\/2022\/01\/grapes-g8f564e3a0_640.jpg 443w\" sizes=\"(max-width: 640px) 100vw, 400px\" \/><\/span><\/div><\/div><style type=\"text\/css\">.fusion-body .fusion-builder-column-4{width:25% !important;margin-top : 0px;margin-bottom : 0px;}.fusion-builder-column-4 > .fusion-column-wrapper {padding-top : 0px !important;padding-right : 0px !important;margin-right : 7.68%;padding-bottom : 0px !important;padding-left : 0px !important;margin-left : 7.68%;}@media only screen and (max-width:1024px) {.fusion-body .fusion-builder-column-4{width:25% !important;order : 0;margin-top : 30px;}.fusion-builder-column-4 > .fusion-column-wrapper {margin-right : 7.68%;margin-left : 7.68%;}}@media only screen and (max-width:640px) {.fusion-body .fusion-builder-column-4{width:50% !important;order : 0;}.fusion-builder-column-4 > .fusion-column-wrapper {margin-right : 3.84%;margin-left : 3.84%;}}<\/style><\/div><\/div><style type=\"text\/css\">.fusion-body .fusion-flex-container.fusion-builder-row-3{ padding-top : 0px;margin-top : 50px;padding-right : 0px;padding-bottom : 0px;margin-bottom : 100px;padding-left : 0px;}<\/style><\/div><div class=\"fusion-fullwidth fullwidth-box fusion-builder-row-4 fusion-flex-container nonhundred-percent-fullwidth non-hundred-percent-height-scrolling\" style=\"background-color: #bf0754;background-position: center top;background-repeat: no-repeat;border-width: 0px 0px 0px 0px;border-color:var(--awb-color3);border-style:solid;\" ><div class=\"fusion-builder-row fusion-row fusion-flex-align-items-flex-start\" style=\"max-width:1248px;margin-left: calc(-4% \/ 2 );margin-right: calc(-4% \/ 2 );\"><div class=\"fusion-layout-column fusion_builder_column fusion-builder-column-5 fusion_builder_column_1_2 1_2 fusion-flex-column\"><div class=\"fusion-column-wrapper fusion-flex-justify-content-flex-start fusion-content-layout-column\" style=\"background-position:left top;background-repeat:no-repeat;-webkit-background-size:cover;-moz-background-size:cover;-o-background-size:cover;background-size:cover;padding: 0px 80px 27px 0px;\"><div class=\"fusion-text fusion-text-4 md-text-align-center sm-text-align-center\" style=\"text-align:left;font-size:17px;letter-spacing:2px;color:#ffffff;\"><\/div><div ><span class=\" fusion-imageframe imageframe-none imageframe-3 hover-type-none\"><img width=\"236\" height=\"121\" title=\"cave-de-quinsac-1427980915\" src=\"https:\/\/clairet-de-quinsac.com\/wp-content\/uploads\/2022\/01\/cave-de-quinsac-1427980915.png\" alt class=\"img-responsive wp-image-144\" srcset=\"https:\/\/clairet-de-quinsac.com\/wp-content\/uploads\/2022\/01\/cave-de-quinsac-1427980915-200x103.png 200w, https:\/\/clairet-de-quinsac.com\/wp-content\/uploads\/2022\/01\/cave-de-quinsac-1427980915.png 236w\" sizes=\"(max-width: 640px) 100vw, 236px\" \/><\/span><\/div><style type=\"text\/css\">@media only screen and (max-width:1024px) {.fusion-title.fusion-title-8{margin-top:10px!important; margin-right:0px!important;margin-bottom:15px!important;margin-left:0px!important;}}@media only screen and (max-width:640px) {.fusion-title.fusion-title-8{margin-top:10px!important; margin-right:0px!important;margin-bottom:10px!important; margin-left:0px!important;}}<\/style><div class=\"fusion-title title fusion-title-8 fusion-sep-none fusion-title-text fusion-title-size-two\" style=\"margin-top:10px;margin-right:0px;margin-bottom:15px;margin-left:0px;\"><h2 class=\"title-heading-left fusion-responsive-typography-calculated\" style=\"margin:0;color:#ffffff;--fontSize:48;line-height:var(--awb-typography1-line-height);\">La Cave de Quinsac<\/h2><\/div><div class=\"fusion-separator\" style=\"align-self: flex-start;margin-right:auto;margin-top:15px;margin-bottom:35px;width:100%;max-width:80px;\"><div class=\"fusion-separator-border sep-single sep-solid\" style=\"border-color:#ffffff;border-top-width:2px;\"><\/div><\/div><div class=\"fusion-text fusion-text-5\" style=\"text-align:center;font-size:14px;color:#ffffff;\"><p class=\"p1\" style=\"text-align: justify;\">Cr\u00e9\u00e9e en 1949, la Cave coop\u00e9rative de Quinsac regroupe une trentaine de coop\u00e9rateurs r\u00e9partis sur 13 communes longeant les coteaux de la Garonne, rive droite. Au total, 230 hectares de vignobles pour une production annuelle de 9 000 \u00e0 12 000 hectolitres, toutes appellations confondues. Car la cave de Quinsac ne produit pas que du bordeaux clairet. Bordeaux rouges, bordeaux blanc sec et bordeaux moelleux, bordeaux ros\u00e9s et cr\u00e9mant de bordeaux sont export\u00e9s dans le monde entier.<\/p>\n<p class=\"p1\" style=\"text-align: justify;\">\n<\/div><\/div><style type=\"text\/css\">.fusion-body .fusion-builder-column-5{width:50% !important;margin-top : 0px;margin-bottom : 0px;}.fusion-builder-column-5 > .fusion-column-wrapper {padding-top : 0px !important;padding-right : 80px !important;margin-right : 3.84%;padding-bottom : 27px !important;padding-left : 0px !important;margin-left : 3.84%;}@media only screen and (max-width:1024px) {.fusion-body .fusion-builder-column-5{width:100% !important;order : 0;}.fusion-builder-column-5 > .fusion-column-wrapper {padding-right : 0px !important;margin-right : 1.92%;margin-left : 1.92%;}}@media only screen and (max-width:640px) {.fusion-body .fusion-builder-column-5{width:100% !important;order : 0;}.fusion-builder-column-5 > .fusion-column-wrapper {margin-right : 1.92%;margin-left : 1.92%;}}<\/style><\/div><\/div><style type=\"text\/css\">.fusion-body .fusion-flex-container.fusion-builder-row-4{ padding-top : 74px;margin-top : 0px;padding-right : 0px;padding-bottom : 46px;margin-bottom : 0px;padding-left : 0px;}<\/style><\/div><\/p>\n","protected":false},"excerpt":{"rendered":"","protected":false},"author":1,"featured_media":0,"parent":0,"menu_order":0,"comment_status":"closed","ping_status":"closed","template":"100-width.php","meta":[],"_links":{"self":[{"href":"https:\/\/clairet-de-quinsac.com\/index.php\/wp-json\/wp\/v2\/pages\/13"}],"collection":[{"href":"https:\/\/clairet-de-quinsac.com\/index.php\/wp-json\/wp\/v2\/pages"}],"about":[{"href":"https:\/\/clairet-de-quinsac.com\/index.php\/wp-json\/wp\/v2\/types\/page"}],"author":[{"embeddable":true,"href":"https:\/\/clairet-de-quinsac.com\/index.php\/wp-json\/wp\/v2\/users\/1"}],"replies":[{"embeddable":true,"href":"https:\/\/clairet-de-quinsac.com\/index.php\/wp-json\/wp\/v2\/comments?post=13"}],"version-history":[{"count":256,"href":"https:\/\/clairet-de-quinsac.com\/index.php\/wp-json\/wp\/v2\/pages\/13\/revisions"}],"predecessor-version":[{"id":322,"href":"https:\/\/clairet-de-quinsac.com\/index.php\/wp-json\/wp\/v2\/pages\/13\/revisions\/322"}],"wp:attachment":[{"href":"https:\/\/clairet-de-quinsac.com\/index.php\/wp-json\/wp\/v2\/media?parent=13"}],"curies":[{"name":"wp","href":"https:\/\/api.w.org\/{rel}","templated":true}]}}